{"id":982,"date":"2024-07-22T16:53:30","date_gmt":"2024-07-22T16:53:30","guid":{"rendered":"https:\/\/www.dotescuela.com\/?post_type=product&#038;p=982"},"modified":"2024-11-28T07:05:56","modified_gmt":"2024-11-28T07:05:56","slug":"online-workshop-esculpido-en-3d-con-julen-urrutia","status":"publish","type":"product","link":"https:\/\/www.dotescuela.com\/en\/curso\/online-workshop-esculpido-en-3d-con-julen-urrutia\/","title":{"rendered":"ONLINE WORKSHOP: Esculpido en 3d con Julen Urrutia"},"content":{"rendered":"<p><strong>ONLINE WORKSHOP: Esculpido en 3d con Julen Urrutia\u00a0\u00a0\u00a0<\/strong><\/p>\n<p><span style=\"font-weight: 400;\"><strong>Fecha<\/strong>: 22, 23 &amp; 24 Noviembre, 2024.\u00a0\u00a0<\/span><\/p>\n<p><span style=\"font-weight: 400;\"><strong>Horario<\/strong>: (Hora espa\u00f1ola)<\/span><\/p>\n<p><span style=\"font-weight: 400;\"><strong>Viernes<\/strong> de 17:00h a 21:00h<\/span><\/p>\n<p><span style=\"font-weight: 400;\"><strong>S\u00e1bado<\/strong>: de 17:00h a 21:00h<\/span><\/p>\n<p><span style=\"font-weight: 400;\"><strong>Domingo<\/strong> de 17:00h a 21:00h<\/span><span style=\"font-weight: 400;\">.\u00a0<\/span><\/p>\n<p><span style=\"font-weight: 400;\"><strong>Precio<\/strong>: 170\u20ac<\/span><\/p>\n<p><span style=\"font-weight: 400;\"><strong>Plataforma online<\/strong>: Google Meet.<\/span><\/p>\n<p><strong>Idioma durante el curso<\/strong>: Espa\u00f1ol.<\/p>\n<p><strong>INFORMACI\u00d3N DEL CURSO.<\/strong><\/p>\n<p><span style=\"font-weight: 400;\">Esculpido 3d de una cara estilizada.\u00a0\u00a0<\/span><\/p>\n<p><span style=\"font-weight: 400;\">A lo largo de los tres d\u00edas de este taller\u00a0 Julen mostrar\u00e1 su proceso de trabajo en Zbrush, centr\u00e1ndose en el esculpido 3d de una cara estilizada. Ense\u00f1ar\u00e1 los pinceles que usa, el proceso que lleva a cabo en su creaci\u00f3n y todos los recursos que utiliza en su d\u00eda a d\u00eda de trabajo.\u00a0<\/span><\/p>\n<p><span style=\"font-weight: 400;\">L@s estudiantes llevar\u00e1n a cabo ejercicios propuestos por Julen bajo su supervisi\u00f3n, correcciones y consejos<\/span><\/p>\n<p><span style=\"font-weight: 400;\">Adem\u00e1s el \u00faltimo d\u00eda se llevar\u00e1 una revisi\u00f3n de portfolio para aquell@s participantes que deseen una revisi\u00f3n.<\/span><\/p>\n<p><strong>Materiales recomendados\u00a0<\/strong><\/p>\n<p><span style=\"font-weight: 400;\">Laptop y tableta gr\u00e1fica. Programas: Zbrush.<\/span><\/p>\n","protected":false},"excerpt":{"rendered":"3D Workshop\n","protected":false},"featured_media":983,"comment_status":"open","ping_status":"closed","template":"","meta":[],"product_cat":[18],"product_tag":[],"_links":{"self":[{"href":"https:\/\/www.dotescuela.com\/en\/wp-json\/wp\/v2\/product\/982"}],"collection":[{"href":"https:\/\/www.dotescuela.com\/en\/wp-json\/wp\/v2\/product"}],"about":[{"href":"https:\/\/www.dotescuela.com\/en\/wp-json\/wp\/v2\/types\/product"}],"replies":[{"embeddable":true,"href":"https:\/\/www.dotescuela.com\/en\/wp-json\/wp\/v2\/comments?post=982"}],"wp:featuredmedia":[{"embeddable":true,"href":"https:\/\/www.dotescuela.com\/en\/wp-json\/wp\/v2\/media\/983"}],"wp:attachment":[{"href":"https:\/\/www.dotescuela.com\/en\/wp-json\/wp\/v2\/media?parent=982"}],"wp:term":[{"taxonomy":"product_cat","embeddable":true,"href":"https:\/\/www.dotescuela.com\/en\/wp-json\/wp\/v2\/product_cat?post=982"},{"taxonomy":"product_tag","embeddable":true,"href":"https:\/\/www.dotescuela.com\/en\/wp-json\/wp\/v2\/product_tag?post=982"}],"curies":[{"name":"wp","href":"https:\/\/api.w.org\/{rel}","templated":true}]}}