{"id":77,"date":"2023-03-21T10:26:38","date_gmt":"2023-03-21T10:26:38","guid":{"rendered":"https:\/\/www.dotescuela.com\/?post_type=product&#038;p=77"},"modified":"2023-04-16T09:22:03","modified_gmt":"2023-04-16T09:22:03","slug":"alejandro-alvarez","status":"publish","type":"product","link":"https:\/\/www.dotescuela.com\/en\/curso\/alejandro-alvarez\/","title":{"rendered":"Alejandro \u00c1lvarez"},"content":{"rendered":"<p><strong><u>CURSO ONLINE 3D<\/u><\/strong><strong>\u00a0con\u00a0Alejandro\u00a0\u00c1lvarez<\/strong><\/p>\n<p><strong>Fecha<\/strong>: 15, 16 y 17 de Julio de 2022.<\/p>\n<p><strong>Horario<\/strong>: (Hora de Madrid)<\/p>\n<p><u>Viernes<\/u> de 16:00 a 19:00h y 19:30 a 22:30h<\/p>\n<p><u>S\u00e1bado<\/u>:16:00 a 19:00h y 19:30 a 22:30h<\/p>\n<p><u>Domingo<\/u> de 16:00 a 19:00h y 19:30 a 22:30h<\/p>\n<p><strong>Duraci\u00f3n<\/strong>: 18 horas.<\/p>\n<p><strong>Precio<\/strong>: 200\u20ac<\/p>\n<p><strong>Organiza<\/strong>: Dot Escuela.<\/p>\n<p>Plataforma online: Google Meet.<\/p>\n<p><strong><u>INFORMACI\u00d3N DEL CURSO.<\/u><\/strong><\/p>\n<p>Viernes.<\/p>\n<ul>\n<li>Introducci\u00f3n\u00a0Alejandro\u00a0\u00c1lvarez\u00a0Mej\u00eda.<\/li>\n<li>Introducci\u00f3n a creaci\u00f3n de personajes para cine, tv y cinem\u00e1ticas (un resumen de lo que vamos a ver).<\/li>\n<li>Reuni\u00f3n de referencias y que hacer con ellas.<\/li>\n<li>Blocking en zbrush.<\/li>\n<li>Unir el blocking por partes y generar anatom\u00eda dando un balance entre estilizado y real (sin mucho detalle aun).<\/li>\n<li>Exportar desde zbrush e importar en maya para hacer la topolog\u00eda y partes internas como la boca y los p\u00e1rpados.<\/li>\n<li>Como crear UVs en maya.<\/li>\n<li>Reimportar en zbrush para proyectar sobre la topolog\u00eda correcta.<\/li>\n<li>Pulir y detalles.<\/li>\n<\/ul>\n<p>S\u00e1bado.<\/p>\n<ul>\n<li>Exportar desde zbrush los mapas y los mesh necesarios.<\/li>\n<li>Importar mesh y mapas a substance painter y como cocinar los mapas restantes.<\/li>\n<li>Crear el material de la piel y como controlar las capas y mascaras en diferentes partes del cuerpo.<\/li>\n<li>Crear materiales de ropa y props.<\/li>\n<li>Exportar todos los mapas desde substance painter.<\/li>\n<li>Importar el mesh a maya, posar el personaje y crear la c\u00e1mara final.<\/li>\n<li>Maya xgen introducci\u00f3n y diferencias entre legacy e interactive.<\/li>\n<li>Creaci\u00f3n del scalp y sus UVs.<\/li>\n<\/ul>\n<p>Domingo.<\/p>\n<ul>\n<li>Crear las gu\u00edas para generar el pelo.<\/li>\n<li>Deformadores para generar el estilo de pelo.<\/li>\n<li>Modelar los ojos.<\/li>\n<li>Iluminar el personaje.<\/li>\n<li>Crear los Materiales en Arnold y como conectar los mapas.<\/li>\n<li>Render Settings y AOVs.<\/li>\n<li>Composici\u00f3n.<\/li>\n<li>Revisi\u00f3n de portafolios.<\/li>\n<li>Como y que tener en cuenta para aplicar a estudios.<\/li>\n<\/ul>\n<p><b>Materiales recomendados<\/b><\/p>\n<p>Laptop y tableta gr\u00e1fica. Programas: Zbrush, Maya y substance painter.<\/p>\n","protected":false},"excerpt":{"rendered":"<p class=\"qtranxs-available-languages-message qtranxs-available-languages-message-en\">Sorry, this entry is only available in <a href=\"https:\/\/www.dotescuela.com\/es\/wp-json\/wp\/v2\/product\/77\" class=\"qtranxs-available-language-link qtranxs-available-language-link-es\" title=\"Espa\u00f1ol\">European Spanish<\/a>.\n","protected":false},"featured_media":78,"comment_status":"open","ping_status":"closed","template":"","meta":[],"product_cat":[18],"product_tag":[],"_links":{"self":[{"href":"https:\/\/www.dotescuela.com\/en\/wp-json\/wp\/v2\/product\/77"}],"collection":[{"href":"https:\/\/www.dotescuela.com\/en\/wp-json\/wp\/v2\/product"}],"about":[{"href":"https:\/\/www.dotescuela.com\/en\/wp-json\/wp\/v2\/types\/product"}],"replies":[{"embeddable":true,"href":"https:\/\/www.dotescuela.com\/en\/wp-json\/wp\/v2\/comments?post=77"}],"wp:featuredmedia":[{"embeddable":true,"href":"https:\/\/www.dotescuela.com\/en\/wp-json\/wp\/v2\/media\/78"}],"wp:attachment":[{"href":"https:\/\/www.dotescuela.com\/en\/wp-json\/wp\/v2\/media?parent=77"}],"wp:term":[{"taxonomy":"product_cat","embeddable":true,"href":"https:\/\/www.dotescuela.com\/en\/wp-json\/wp\/v2\/product_cat?post=77"},{"taxonomy":"product_tag","embeddable":true,"href":"https:\/\/www.dotescuela.com\/en\/wp-json\/wp\/v2\/product_tag?post=77"}],"curies":[{"name":"wp","href":"https:\/\/api.w.org\/{rel}","templated":true}]}}