{"id":695,"date":"2024-02-07T11:51:11","date_gmt":"2024-02-07T11:51:11","guid":{"rendered":"https:\/\/www.dotescuela.com\/?post_type=product&#038;p=695"},"modified":"2024-06-18T21:26:06","modified_gmt":"2024-06-18T21:26:06","slug":"curso-online-estilizacion-de-rostros-con-julen-urrutia","status":"publish","type":"product","link":"https:\/\/www.dotescuela.com\/en\/curso\/curso-online-estilizacion-de-rostros-con-julen-urrutia\/","title":{"rendered":"CURSO ONLINE: Estilizaci\u00f3n de rostros 3D con Julen Urrutia."},"content":{"rendered":"<p><strong>CURSO ONLINE: Estilizaci\u00f3n de rostros 3D con Julen Urrutia.<\/strong><\/p>\n<p><span style=\"font-weight: 400;\"><strong>FECHA:<\/strong> 8 y 15 de Junio de 2024<\/span><\/p>\n<p><b>HORARIO<\/b>: (Hora de Madrid)<\/p>\n<p>17:00h a 21:00h<\/p>\n<p><strong>DURACI\u00d3N<\/strong>: 8 horas<\/p>\n<p><span style=\"font-weight: 400;\"><strong>PRECIO<\/strong>: 100\u20ac <\/span><\/p>\n<p><span style=\"font-weight: 400;\"><strong>Lenguaje<\/strong>: Espa\u00f1ol <\/span><\/p>\n<p><span style=\"font-weight: 400;\"><strong>Plataforma Online<\/strong><\/span>: Google Meet.<\/p>\n<div dir=\"auto\">\n<p><strong>Contenido del taller:\u00a0<\/strong><\/p>\n<p>Pinceles.<br \/>\nEstructura.<br \/>\nDemostraciones.<br \/>\nAtajos y texturas.<br \/>\nPr\u00e1cticas y desarrollo. Expresividad.<br \/>\nCorrecciones, balance y car\u00e1cter.<br \/>\nDefinici\u00f3n.<br \/>\nCr\u00edtica \/ Portfolio<\/p>\n<\/div>\n<div>\n<p><strong>Bio de Julen Urrutia: CHARACTER DESIGNER EN MARVEL STUDIOS<\/strong><\/p>\n<p>Julen Urrutia es un artista especializado en 2D y 3D con m\u00e1s de una d\u00e9cada de experiencia profesional en el sector de la animaci\u00f3n y la escultura digital. Senior Character Artist en Axis Studios durante los pasados cinco a\u00f1os,\u00a0como Character Designer<br \/>\npara Marvel Studios o 3D artist en la compa\u00f1\u00eda de videojuegos Electric Square.<br \/>\nEntre sus m\u00faltiples proyectos est\u00e1 el proyecto de Spiderman: Freshman Year para Marvel.<\/p>\n<\/div>\n<p><\/p>","protected":false},"excerpt":{"rendered":"3D Workshop\n","protected":false},"featured_media":882,"comment_status":"open","ping_status":"closed","template":"","meta":[],"product_cat":[18],"product_tag":[],"_links":{"self":[{"href":"https:\/\/www.dotescuela.com\/en\/wp-json\/wp\/v2\/product\/695"}],"collection":[{"href":"https:\/\/www.dotescuela.com\/en\/wp-json\/wp\/v2\/product"}],"about":[{"href":"https:\/\/www.dotescuela.com\/en\/wp-json\/wp\/v2\/types\/product"}],"replies":[{"embeddable":true,"href":"https:\/\/www.dotescuela.com\/en\/wp-json\/wp\/v2\/comments?post=695"}],"wp:featuredmedia":[{"embeddable":true,"href":"https:\/\/www.dotescuela.com\/en\/wp-json\/wp\/v2\/media\/882"}],"wp:attachment":[{"href":"https:\/\/www.dotescuela.com\/en\/wp-json\/wp\/v2\/media?parent=695"}],"wp:term":[{"taxonomy":"product_cat","embeddable":true,"href":"https:\/\/www.dotescuela.com\/en\/wp-json\/wp\/v2\/product_cat?post=695"},{"taxonomy":"product_tag","embeddable":true,"href":"https:\/\/www.dotescuela.com\/en\/wp-json\/wp\/v2\/product_tag?post=695"}],"curies":[{"name":"wp","href":"https:\/\/api.w.org\/{rel}","templated":true}]}}