{"id":68,"date":"2023-03-21T10:16:14","date_gmt":"2023-03-21T10:16:14","guid":{"rendered":"https:\/\/www.dotescuela.com\/?post_type=product&#038;p=68"},"modified":"2023-04-16T09:34:53","modified_gmt":"2023-04-16T09:34:53","slug":"english-franco-carlesimo","status":"publish","type":"product","link":"https:\/\/www.dotescuela.com\/en\/curso\/english-franco-carlesimo\/","title":{"rendered":"Franco Carlesimo"},"content":{"rendered":"<p><strong>CURSO ONLINE 3D con Franco Carlesimo.<\/strong><\/p>\n<p><span style=\"font-weight: 400;\"><strong>Fecha<\/strong>: 25, 26 &amp; 27 Febrero, 2022.\u00a0<\/span><\/p>\n<p><span style=\"font-weight: 400;\"><strong>Horario<\/strong>: (Hora espa\u00f1ola)<\/span><\/p>\n<p><span style=\"font-weight: 400;\">Viernes de 16:00 a 19:00h<\/span><\/p>\n<p><span style=\"font-weight: 400;\">Descanso de 19:00h a 19:30h<\/span><\/p>\n<p><span style=\"font-weight: 400;\">19:30 a 22:30h<\/span><\/p>\n<p><span style=\"font-weight: 400;\">S\u00e1bado:16:00 a 19:00h<\/span><\/p>\n<p><span style=\"font-weight: 400;\">Descanso de 19:00h a 19:30h<\/span><\/p>\n<p><span style=\"font-weight: 400;\">19:30 a 22:30h<\/span><\/p>\n<p><span style=\"font-weight: 400;\">Domingo de 16:00 a 19:00h<\/span><\/p>\n<p><span style=\"font-weight: 400;\">Descanso de 19:00h a 19:30h<\/span><\/p>\n<p><span style=\"font-weight: 400;\">19:30 a 22:30h<\/span><\/p>\n<p><span style=\"font-weight: 400;\"><strong>Duraci\u00f3n<\/strong>: 18 horas.\u00a0<\/span><\/p>\n<p><span style=\"font-weight: 400;\"><strong>Precio<\/strong>: 200\u20ac<\/span><\/p>\n<p><span style=\"font-weight: 400;\"><strong>Plataforma online<\/strong>: Google Meet.<\/span><\/p>\n<p><span style=\"font-weight: 400;\"><strong>Organiza<\/strong>: Dot Escuela.<\/span><\/p>\n<p><strong>INFORMACI\u00d3N DEL CURSO.<\/strong><\/p>\n<p><span style=\"font-weight: 400;\">A lo largo de los tres d\u00edas de este taller Franco mostrar\u00e1 su proceso de<\/span><\/p>\n<p><span style=\"font-weight: 400;\">dise\u00f1o de personaje en 3d, modelado high poly, render y composici\u00f3n, cortes y preparado para impresi\u00f3n 3D<\/span><\/p>\n<p><span style=\"font-weight: 400;\">Adem\u00e1s el \u00faltimo d\u00eda se llevar\u00e1 una revisi\u00f3n de portfolio para aquell@s participantes que deseen una revisi\u00f3n.<\/span><\/p>\n<p><strong>Materiales recomendados<\/strong><\/p>\n<p><span style=\"font-weight: 400;\">Softwares va a ser principalmente Zbrush. Y alg\u00fan software de render como 3dmax, Blender, Maya o Keyshot\u00a0 porque Franco va a mostrar principios de iluminaci\u00f3n y materiales. Photoshop para composici\u00f3n de imagen. Luego vamos a ver Chitubox y preparar un modelo para impresi\u00f3n 3D.<\/span><\/p>\n<p><span style=\"font-weight: 400;\">Plazas limitadas.<\/span><\/p>","protected":false},"excerpt":{"rendered":"<p class=\"qtranxs-available-languages-message qtranxs-available-languages-message-en\">Sorry, this entry is only available in <a href=\"https:\/\/www.dotescuela.com\/es\/wp-json\/wp\/v2\/product\/68\" class=\"qtranxs-available-language-link qtranxs-available-language-link-es\" title=\"Espa\u00f1ol\">European Spanish<\/a>.\n","protected":false},"featured_media":69,"comment_status":"open","ping_status":"closed","template":"","meta":[],"product_cat":[18],"product_tag":[],"_links":{"self":[{"href":"https:\/\/www.dotescuela.com\/en\/wp-json\/wp\/v2\/product\/68"}],"collection":[{"href":"https:\/\/www.dotescuela.com\/en\/wp-json\/wp\/v2\/product"}],"about":[{"href":"https:\/\/www.dotescuela.com\/en\/wp-json\/wp\/v2\/types\/product"}],"replies":[{"embeddable":true,"href":"https:\/\/www.dotescuela.com\/en\/wp-json\/wp\/v2\/comments?post=68"}],"wp:featuredmedia":[{"embeddable":true,"href":"https:\/\/www.dotescuela.com\/en\/wp-json\/wp\/v2\/media\/69"}],"wp:attachment":[{"href":"https:\/\/www.dotescuela.com\/en\/wp-json\/wp\/v2\/media?parent=68"}],"wp:term":[{"taxonomy":"product_cat","embeddable":true,"href":"https:\/\/www.dotescuela.com\/en\/wp-json\/wp\/v2\/product_cat?post=68"},{"taxonomy":"product_tag","embeddable":true,"href":"https:\/\/www.dotescuela.com\/en\/wp-json\/wp\/v2\/product_tag?post=68"}],"curies":[{"name":"wp","href":"https:\/\/api.w.org\/{rel}","templated":true}]}}