{"id":60,"date":"2023-03-20T20:58:44","date_gmt":"2023-03-20T20:58:44","guid":{"rendered":"https:\/\/www.dotescuela.com\/?post_type=product&#038;p=60"},"modified":"2023-04-15T19:56:02","modified_gmt":"2023-04-15T19:56:02","slug":"bigotrazos","status":"publish","type":"product","link":"https:\/\/www.dotescuela.com\/en\/curso\/bigotrazos\/","title":{"rendered":"Bigotrazos"},"content":{"rendered":"<p><\/p>\n<div class=\"adn ads\" data-message-id=\"#msg-a:r748375338697046770\" data-legacy-message-id=\"17955e7eb5f708b2\">\n<div class=\"gs\">\n<div class=\"\">\n<div id=\":10i\" class=\"ii gt\">\n<div id=\":10j\" class=\"a3s aiL \">\n<div dir=\"ltr\">\n<div>\n<div dir=\"auto\"><\/div>\n<\/div>\n<\/div>\n<\/div>\n<\/div>\n<\/div>\n<\/div>\n<div class=\"ajx\">\n<p><strong>CURSO ONLINE: Estudio anat\u00f3mico digital en 3D Zbrush con Sergi Bigord\u00e1 Font (BigoTrazos)<\/strong><\/p>\n<p><span style=\"font-weight: 400;\"><strong>Fecha<\/strong>: 15, 16, 17.18,\u00a0 22, 23, 24, 25, 29 y 30 de Junio de 2021.<\/span><\/p>\n<p><span style=\"font-weight: 400;\"><strong>Horario<\/strong>:17:00h a 21:00h<\/span><\/p>\n<p><span style=\"font-weight: 400;\"><strong>Duraci\u00f3n<\/strong>: 40 horas.\u00a0<\/span><\/p>\n<p><span style=\"font-weight: 400;\"><strong>Precio<\/strong>: 240\u20ac<\/span><\/p>\n<p><span style=\"font-weight: 400;\"><strong>Plataforma online<\/strong>: Google Meet.\u00a0<\/span><\/p>\n<p><span style=\"font-weight: 400;\"><strong>Organiza<\/strong>: Dot Escuela.<\/span><\/p>\n<p><strong>INFORMACI\u00d3N DEL CURSO.<\/strong><\/p>\n<p><span style=\"font-weight: 400;\">A lo largo de las 10 sesiones que conforman el curso de Estudio anat\u00f3mico digital en 3D con ZBrush impartido por Sergi Bigord\u00e1 Font (BigoTrazos), veremos lo siguiente:<\/span><\/p>\n<p><span style=\"font-weight: 400;\">&#8211; Proporciones\/herramientas de medici\u00f3n y pinceles b\u00e1sicos de Zbrush.<\/span><\/p>\n<p><span style=\"font-weight: 400;\">&#8211; Estudio anat\u00f3mico de: <\/span><span style=\"font-weight: 400;\">Cr\u00e1neo <\/span><span style=\"font-weight: 400;\">Cabeza <\/span><span style=\"font-weight: 400;\">Torso <\/span><span style=\"font-weight: 400;\">Brazos <\/span><span style=\"font-weight: 400;\">Piernas <\/span><span style=\"font-weight: 400;\">Pies <\/span><span style=\"font-weight: 400;\">Manos.<\/span><\/p>\n<p><span style=\"font-weight: 400;\">Aplicaci\u00f3n en diferencias de raza y sexo.<\/span><\/p>\n<p><span style=\"font-weight: 400;\">&#8211; Ejercicios pr\u00e1cticos para agilizar los tiempos a la hora de esculpir.<\/span><\/p>\n<p><span style=\"font-weight: 400;\">&#8211; Cartoon\/lenguaje de shapes.<\/span><\/p>\n<p><span style=\"font-weight: 400;\">&#8211; Criaturas\/anatom\u00eda animal.<\/span><\/p>\n<p><span style=\"font-weight: 400;\">&#8211; Dise\u00f1o, alphas\/creaci\u00f3n de brushes, piel\/poros, color, y texturas de scan.<\/span><\/p>\n<p><span style=\"font-weight: 400;\">&#8211; Revisi\u00f3n de portfolios.<\/span><\/p>\n<p><strong>Materiales recomendados.<\/strong><\/p>\n<p><span style=\"font-weight: 400;\">Pc y tableta. Zbrush.<\/span><\/p>\n<p><span style=\"font-weight: 400;\">Plazas limitadas.<\/span><\/p>\n<p><strong>*Preguntas frecuentes:<\/strong><\/p>\n<p><span style=\"font-weight: 400;\">\u00bfQu\u00e9 sucede si no puedo ver alg\u00fan d\u00eda las clases en directo?\u00a0<\/span><\/p>\n<p><span style=\"font-weight: 400;\">No hay problema. Todas las clases son en directo pero adem\u00e1s ser\u00e1n grabadas y colgadas en nuestra plataforma. Para que las puedas ver cuando quieras durante toda la duraci\u00f3n del curso. Esto significa que sino puedes asistir a tu clase en directo a la hora estipulada podr\u00e1s verlas en la plataforma hasta que el curso finalice. Estos v\u00eddeo-clases colgados en la plataforma se podr\u00e1n visualizar de forma ilimitada durante la duraci\u00f3n del curso pero no se podr\u00e1n copiar ni descargar. Igualmente se podr\u00e1n visualizar durante 25 d\u00edas una vez finalizado el curso.\u00a0<\/span><\/p>\n<p><span style=\"font-weight: 400;\">\u00bfCu\u00e1ndo puedo ver las clases a los que no asist\u00ed en directo?<\/span><\/p>\n<ul>\n<li><span style=\"font-weight: 400;\"> Acceso 24 horas a la plataforma virtual donde se podr\u00e1 consultar toda la informaci\u00f3n o documentaci\u00f3n del curso, acceder a todas las clases que ya hayan sido impartidas o a los ejercicios propuestos. Cu\u00e1ndo, d\u00f3nde y al ritmo que desees.\u00a0<\/span><\/li>\n<\/ul>\n<p><span style=\"font-weight: 400;\">\u00bfHabr\u00e1 tutor\u00edas o seguimiento con el profesora?<\/span><\/p>\n<ul>\n<li><span style=\"font-weight: 400;\"> Tutor\u00edas diarias en cada una de las sesiones impartidas diariamente.\u00a0<\/span><\/li>\n<li><span style=\"font-weight: 400;\"> Seguimiento individualizado por parte de la docente al alumnado a fin de solventar dudas y asegurar la adquisici\u00f3n de destrezas y conocimientos determinados para cada bloque de contenidos te\u00f3rico-pr\u00e1cticos<\/span><\/li>\n<\/ul>\n<p><strong>*Para cualquier duda o cuesti\u00f3n, estamos a su disposici\u00f3n en: dotescuela3d@gmail.com<\/strong><\/p>\n<\/div>\n<\/div>\n<div class=\"gA gt acV\">\n<div class=\"gB xu\">\n<div class=\"ip iq\"><\/div>\n<\/div>\n<\/div>\n<p><\/p>","protected":false},"excerpt":{"rendered":"Workshop 3d\n","protected":false},"featured_media":33,"comment_status":"open","ping_status":"closed","template":"","meta":[],"product_cat":[18],"product_tag":[],"_links":{"self":[{"href":"https:\/\/www.dotescuela.com\/en\/wp-json\/wp\/v2\/product\/60"}],"collection":[{"href":"https:\/\/www.dotescuela.com\/en\/wp-json\/wp\/v2\/product"}],"about":[{"href":"https:\/\/www.dotescuela.com\/en\/wp-json\/wp\/v2\/types\/product"}],"replies":[{"embeddable":true,"href":"https:\/\/www.dotescuela.com\/en\/wp-json\/wp\/v2\/comments?post=60"}],"wp:featuredmedia":[{"embeddable":true,"href":"https:\/\/www.dotescuela.com\/en\/wp-json\/wp\/v2\/media\/33"}],"wp:attachment":[{"href":"https:\/\/www.dotescuela.com\/en\/wp-json\/wp\/v2\/media?parent=60"}],"wp:term":[{"taxonomy":"product_cat","embeddable":true,"href":"https:\/\/www.dotescuela.com\/en\/wp-json\/wp\/v2\/product_cat?post=60"},{"taxonomy":"product_tag","embeddable":true,"href":"https:\/\/www.dotescuela.com\/en\/wp-json\/wp\/v2\/product_tag?post=60"}],"curies":[{"name":"wp","href":"https:\/\/api.w.org\/{rel}","templated":true}]}}