{"id":37,"date":"2023-03-19T00:40:23","date_gmt":"2023-03-19T00:40:23","guid":{"rendered":"https:\/\/www.dotescuela.com\/?post_type=product&#038;p=37"},"modified":"2023-04-16T17:44:49","modified_gmt":"2023-04-16T17:44:49","slug":"raul-garcia-latorre","status":"publish","type":"product","link":"https:\/\/www.dotescuela.com\/en\/curso\/raul-garcia-latorre\/","title":{"rendered":"Ra\u00fal Garc\u00eda Latorre"},"content":{"rendered":"<p><span style=\"font-weight: 400;\"><strong>CURSO ONLINE<\/strong>: Escultura Digital con Ra\u00fal Garc\u00eda Latorre.\u00a0\u00a0\u00a0\u00a0<\/span><\/p>\n<p><span style=\"font-weight: 400;\"><strong>Fecha<\/strong>: 18 al 20 de Junio 2021.\u00a0<\/span><\/p>\n<p><span style=\"font-weight: 400;\"><strong>Horario<\/strong>: (Hora espa\u00f1ola)<\/span><\/p>\n<p><span style=\"font-weight: 400;\">Viernes de 16:00 a 19:00h <\/span><span style=\"font-weight: 400;\">Descanso de 19:00h a 19:30h <\/span><span style=\"font-weight: 400;\">19:30 a 22:30h<\/span><\/p>\n<p><span style=\"font-weight: 400;\">S\u00e1bado:16:00 a 19:00h <\/span><span style=\"font-weight: 400;\">Descanso de 19:00h a 19:30h <\/span><span style=\"font-weight: 400;\">19:30 a 22:30h<\/span><\/p>\n<p><span style=\"font-weight: 400;\">Domingo de 16:00 a 19:00h <\/span><span style=\"font-weight: 400;\">Descanso de 19:00h a 19:30h <\/span><span style=\"font-weight: 400;\">19:30 a 22:30h<\/span><\/p>\n<p><span style=\"font-weight: 400;\"><strong>Duraci\u00f3n<\/strong>: 18 horas.\u00a0<\/span><\/p>\n<p><span style=\"font-weight: 400;\"><strong>Precio<\/strong>: 170\u20ac<\/span><\/p>\n<p><span style=\"font-weight: 400;\"><strong>Idioma<\/strong>: El taller ser\u00e1 en ingl\u00e9s. Ra\u00fal habla castellano e ingl\u00e9s.\u00a0<\/span><\/p>\n<p><span style=\"font-weight: 400;\">Si tienes dificultad para entender alguna frase en ingl\u00e9s o formular tus preguntas, se las puedes hacer en castellano.\u00a0<\/span><\/p>\n<p><span style=\"font-weight: 400;\"><strong>Plataforma online<\/strong>: Google Meet.<\/span><\/p>\n<p><span style=\"font-weight: 400;\"><strong>Organiza<\/strong>: Dot Escuela.<\/span><\/p>\n<p><strong>INFORMACI\u00d3N DEL CURSO.<\/strong><\/p>\n<p><strong>El primer d\u00eda.\u00a0<\/strong><\/p>\n<p><span style=\"font-weight: 400;\">Presentaci\u00f3n sobre la trayectoria de Ra\u00fal y experiencia profesional en los campos en los que ha trabajado. Trato con el cliente, entregas, tiempos de trabajo, etc.\u00a0<\/span><\/p>\n<p><span style=\"font-weight: 400;\">A continuaci\u00f3n, Ra\u00fal mostrar\u00e1 su concepto de escultura y desde este punto dar\u00e1 estructura tanto a la parte t\u00e9cnica como a la parte art\u00edstica y creativa, y la importancia real de cada una estas partes para \u00e9l.<\/span><\/p>\n<p><span style=\"font-weight: 400;\">Todo apoyado con un proceso sencillo y r\u00e1pido.<\/span><\/p>\n<p><span style=\"font-weight: 400;\">Abierto a preguntas durante el proceso, por supuesto\u00a0<\/span><\/p>\n<p><strong>Segundo d\u00eda.<\/strong><\/p>\n<p><span style=\"font-weight: 400;\">Ra\u00fal propondr\u00e1 un proceso a los alumnos basado en su proceso del d\u00eda anterior, para mostrar la estructura y potenciar la parte creativa que tenemos todos, con su apoyo individual durante el proceso.<\/span><\/p>\n<p><strong>\u00daltimo d\u00eda.<\/strong><\/p>\n<p><span style=\"font-weight: 400;\">Revisi\u00f3n, cr\u00edtica y valoraci\u00f3n del proceso final de cada persona.<\/span><\/p>\n<p><span style=\"font-weight: 400;\">Revisi\u00f3n de portfolios en la parte final del taller.\u00a0<\/span><\/p>\n<p><span style=\"font-weight: 400;\">Fin del taller.<\/span><\/p>\n<p><strong>Materiales recomendados: <\/strong><span style=\"font-weight: 400;\">Laptop y tableta gr\u00e1fica. Programas: Zbrush.<\/span><\/p>\n<p>&nbsp;<\/p>\n","protected":false},"excerpt":{"rendered":"WORKSHOP 3D\n","protected":false},"featured_media":38,"comment_status":"open","ping_status":"closed","template":"","meta":[],"product_cat":[18],"product_tag":[],"_links":{"self":[{"href":"https:\/\/www.dotescuela.com\/en\/wp-json\/wp\/v2\/product\/37"}],"collection":[{"href":"https:\/\/www.dotescuela.com\/en\/wp-json\/wp\/v2\/product"}],"about":[{"href":"https:\/\/www.dotescuela.com\/en\/wp-json\/wp\/v2\/types\/product"}],"replies":[{"embeddable":true,"href":"https:\/\/www.dotescuela.com\/en\/wp-json\/wp\/v2\/comments?post=37"}],"wp:featuredmedia":[{"embeddable":true,"href":"https:\/\/www.dotescuela.com\/en\/wp-json\/wp\/v2\/media\/38"}],"wp:attachment":[{"href":"https:\/\/www.dotescuela.com\/en\/wp-json\/wp\/v2\/media?parent=37"}],"wp:term":[{"taxonomy":"product_cat","embeddable":true,"href":"https:\/\/www.dotescuela.com\/en\/wp-json\/wp\/v2\/product_cat?post=37"},{"taxonomy":"product_tag","embeddable":true,"href":"https:\/\/www.dotescuela.com\/en\/wp-json\/wp\/v2\/product_tag?post=37"}],"curies":[{"name":"wp","href":"https:\/\/api.w.org\/{rel}","templated":true}]}}