{"id":26,"date":"2023-03-07T18:27:33","date_gmt":"2023-03-07T18:27:33","guid":{"rendered":"https:\/\/www.dotescuela.com\/?post_type=product&#038;p=26"},"modified":"2023-04-16T17:52:15","modified_gmt":"2023-04-16T17:52:15","slug":"julio-lopez","status":"publish","type":"product","link":"https:\/\/www.dotescuela.com\/en\/curso\/julio-lopez\/","title":{"rendered":"Julio L\u00f3pez"},"content":{"rendered":"<p><span style=\"font-weight: 400;\"><strong>CURSO ONLINE: \u00a0 ESCULTURA DIGITAL DE PERSONAJES CARTOON \u00a0 con Julio L\u00f3pez.\u00a0<\/strong>\u00a0\u00a0<\/span><\/p>\n<p><span style=\"font-weight: 400;\"><strong>Fecha<\/strong>: 23, 24 y 25 de Abril de\u00a0 2021.\u00a0<\/span><\/p>\n<p><span style=\"font-weight: 400;\"><strong>Horario<\/strong>: (Hora espa\u00f1ola)<\/span><\/p>\n<p><span style=\"font-weight: 400;\"><strong>Viernes<\/strong> de 16:00 a 19:00h <\/span><span style=\"font-weight: 400;\">Descanso de 19:00h a 19:30h <\/span><span style=\"font-weight: 400;\">19:30 a 22:30h<\/span><\/p>\n<p><span style=\"font-weight: 400;\"><strong>S\u00e1bado<\/strong>:16:00 a 19:00h <\/span><span style=\"font-weight: 400;\">Descanso de 19:00h a 19:30h <\/span><span style=\"font-weight: 400;\">19:30 a 22:30h<\/span><\/p>\n<p><span style=\"font-weight: 400;\"><strong>Domingo<\/strong> de 16:00 a 19:00h <\/span><span style=\"font-weight: 400;\">Descanso de 19:00h a 19:30h <\/span><span style=\"font-weight: 400;\">19:30 a 22:30h<\/span><\/p>\n<p><span style=\"font-weight: 400;\"><strong>Duraci\u00f3n<\/strong>: 18 horas.\u00a0<\/span><\/p>\n<p><span style=\"font-weight: 400;\"><strong>Precio<\/strong>: 200\u20ac<\/span><\/p>\n<p><span style=\"font-weight: 400;\"><strong>Plataforma Online<\/strong>: Google Meet.<\/span><\/p>\n<p><span style=\"font-weight: 400;\"><strong>Organiza<\/strong>: Dot Escuela.<\/span><\/p>\n<p><strong>INFORMACI\u00d3N DEL CURSO.<\/strong><\/p>\n<p><strong>ESCULTURA DIGITAL DE PERSONAJES CARTOON\u00a0\u00a0<\/strong><\/p>\n<p><span style=\"font-weight: 400;\">A lo largo de los tres d\u00edas de este taller Julio mostrar\u00e1 su proceso de trabajo en Zbrush y como crear conceptos r\u00e1pidos en 3D partiendo de referencias o ideas. Crearemos un personaje sencillo, atractivo y divertido para impulsar nuestro portfolio preparando un render de alta calidad y retoque en Photoshop.<\/span><\/p>\n<p><span style=\"font-weight: 400;\">Adem\u00e1s el \u00faltimo d\u00eda se llevar\u00e1 una revisi\u00f3n de portfolio para aquell@s participantes que deseen una revisi\u00f3n.<\/span><\/p>\n<p><span style=\"font-weight: 400;\"><strong>Materiales recomendados<\/strong>:\u00a0 <\/span><span style=\"font-weight: 400;\">Laptop y tableta gr\u00e1fica. Programas: Zbrush, Maya, Photoshop<\/span><\/p>\n","protected":false},"excerpt":{"rendered":"Workshop 3D\n","protected":false},"featured_media":27,"comment_status":"open","ping_status":"closed","template":"","meta":[],"product_cat":[18],"product_tag":[],"_links":{"self":[{"href":"https:\/\/www.dotescuela.com\/en\/wp-json\/wp\/v2\/product\/26"}],"collection":[{"href":"https:\/\/www.dotescuela.com\/en\/wp-json\/wp\/v2\/product"}],"about":[{"href":"https:\/\/www.dotescuela.com\/en\/wp-json\/wp\/v2\/types\/product"}],"replies":[{"embeddable":true,"href":"https:\/\/www.dotescuela.com\/en\/wp-json\/wp\/v2\/comments?post=26"}],"wp:featuredmedia":[{"embeddable":true,"href":"https:\/\/www.dotescuela.com\/en\/wp-json\/wp\/v2\/media\/27"}],"wp:attachment":[{"href":"https:\/\/www.dotescuela.com\/en\/wp-json\/wp\/v2\/media?parent=26"}],"wp:term":[{"taxonomy":"product_cat","embeddable":true,"href":"https:\/\/www.dotescuela.com\/en\/wp-json\/wp\/v2\/product_cat?post=26"},{"taxonomy":"product_tag","embeddable":true,"href":"https:\/\/www.dotescuela.com\/en\/wp-json\/wp\/v2\/product_tag?post=26"}],"curies":[{"name":"wp","href":"https:\/\/api.w.org\/{rel}","templated":true}]}}