{"id":24,"date":"2023-03-07T18:25:46","date_gmt":"2023-03-07T18:25:46","guid":{"rendered":"https:\/\/www.dotescuela.com\/?post_type=product&#038;p=24"},"modified":"2023-04-25T16:42:58","modified_gmt":"2023-04-25T16:42:58","slug":"julen-urritia","status":"publish","type":"product","link":"https:\/\/www.dotescuela.com\/en\/curso\/julen-urritia\/","title":{"rendered":"Julen Urritia"},"content":{"rendered":"<p><strong>CURSO ONLINE: Esculpido en 3d con Julen Urrutia\u00a0\u00a0\u00a0<\/strong><\/p>\n<p><span style=\"font-weight: 400;\"><strong>Fecha<\/strong>: 26 al 28 de Marzo 2021.\u00a0<\/span><\/p>\n<p><span style=\"font-weight: 400;\"><strong>Horario<\/strong>: (Hora espa\u00f1ola)<\/span><\/p>\n<p><span style=\"font-weight: 400;\"><strong>Viernes<\/strong> de 16:00 a 19:00h <\/span><span style=\"font-weight: 400;\">Descanso de 19:00h a 19:30h<\/span><span style=\"font-weight: 400;\">19:30 a 22:30h<\/span><\/p>\n<p><span style=\"font-weight: 400;\"><strong>S\u00e1bado<\/strong>:16:00 a 19:00h <\/span><span style=\"font-weight: 400;\">Descanso de 19:00h a 19:30h <\/span><span style=\"font-weight: 400;\">19:30 a 22:30h<\/span><\/p>\n<p><span style=\"font-weight: 400;\"><strong>Domingo<\/strong> de 16:00 a 19:00h <\/span><span style=\"font-weight: 400;\">Descanso de 19:00h a 19:30h <\/span><span style=\"font-weight: 400;\">19:30 a 22:30h<\/span><\/p>\n<p><span style=\"font-weight: 400;\"><strong>Duraci\u00f3n<\/strong>: 18 horas.\u00a0<\/span><\/p>\n<p><span style=\"font-weight: 400;\"><strong>Precio<\/strong>: 170\u20ac<\/span><\/p>\n<p><span style=\"font-weight: 400;\"><strong>Plataforma online<\/strong>: Google Meet.<\/span><\/p>\n<p><span style=\"font-weight: 400;\"><strong>Organiza<\/strong>: Dot Escuela.<\/span><\/p>\n<p><strong>INFORMACI\u00d3N DEL CURSO.<\/strong><\/p>\n<p><span style=\"font-weight: 400;\">Esculpido 3d de una cara estilizada.\u00a0\u00a0<\/span><\/p>\n<p><span style=\"font-weight: 400;\">A lo largo de los tres d\u00edas de este taller\u00a0 Julen mostrar\u00e1 su proceso de trabajo en Zbrush, centr\u00e1ndose en el esculpido 3d de una cara estilizada. Ense\u00f1ar\u00e1 los pinceles que usa, el proceso que lleva a cabo en su creaci\u00f3n y todos los recursos que utiliza en su d\u00eda a d\u00eda de trabajo.\u00a0<\/span><\/p>\n<p><span style=\"font-weight: 400;\">L@s estudiantes llevar\u00e1n a cabo ejercicios propuestos por Julen bajo su supervisi\u00f3n, correcciones y consejos<\/span><\/p>\n<p><span style=\"font-weight: 400;\">Adem\u00e1s el \u00faltimo d\u00eda se llevar\u00e1 una revisi\u00f3n de portfolio para aquell@s participantes que deseen una revisi\u00f3n.<\/span><\/p>\n<p><strong>Materiales recomendados\u00a0<\/strong><\/p>\n<p><span style=\"font-weight: 400;\">Laptop y tableta gr\u00e1fica. Programas: Zbrush.<\/span><\/p>\n","protected":false},"excerpt":{"rendered":"Workshop 3D\n","protected":false},"featured_media":25,"comment_status":"open","ping_status":"closed","template":"","meta":[],"product_cat":[18],"product_tag":[],"_links":{"self":[{"href":"https:\/\/www.dotescuela.com\/en\/wp-json\/wp\/v2\/product\/24"}],"collection":[{"href":"https:\/\/www.dotescuela.com\/en\/wp-json\/wp\/v2\/product"}],"about":[{"href":"https:\/\/www.dotescuela.com\/en\/wp-json\/wp\/v2\/types\/product"}],"replies":[{"embeddable":true,"href":"https:\/\/www.dotescuela.com\/en\/wp-json\/wp\/v2\/comments?post=24"}],"wp:featuredmedia":[{"embeddable":true,"href":"https:\/\/www.dotescuela.com\/en\/wp-json\/wp\/v2\/media\/25"}],"wp:attachment":[{"href":"https:\/\/www.dotescuela.com\/en\/wp-json\/wp\/v2\/media?parent=24"}],"wp:term":[{"taxonomy":"product_cat","embeddable":true,"href":"https:\/\/www.dotescuela.com\/en\/wp-json\/wp\/v2\/product_cat?post=24"},{"taxonomy":"product_tag","embeddable":true,"href":"https:\/\/www.dotescuela.com\/en\/wp-json\/wp\/v2\/product_tag?post=24"}],"curies":[{"name":"wp","href":"https:\/\/api.w.org\/{rel}","templated":true}]}}