{"id":2140,"date":"2026-05-10T11:57:17","date_gmt":"2026-05-10T11:57:17","guid":{"rendered":"https:\/\/www.dotescuela.com\/?post_type=product&#038;p=2140"},"modified":"2026-05-11T00:29:51","modified_gmt":"2026-05-11T00:29:51","slug":"online-3d-concepts-de-personajes-workshop-con-rodrigo-saure","status":"publish","type":"product","link":"https:\/\/www.dotescuela.com\/en\/curso\/online-3d-concepts-de-personajes-workshop-con-rodrigo-saure\/","title":{"rendered":"ONLINE || 3D CONCEPTS de PERSONAJES || WORKSHOP con Rodrigo Saur\u00e9."},"content":{"rendered":"<p><strong>ONLINE || 3D CONCEPTS de PERSONAJES || WORKSHOP con Rodrigo Saur\u00e9.<\/strong><\/p>\n<p><span style=\"font-weight: 400;\"><strong>FECHA: 19, 20 &amp; 21 Junio, 2026.<\/strong><\/span><\/p>\n<p><b>HORARIO<\/b>: (Hora de Madrid)<\/p>\n<p><strong>Viernes<\/strong>. 04:00pm a 07:00pm Descanso. 07:00pm a 07:30pm 007:30pm a 10:30pm<\/p>\n<p><b>S\u00e1bado<\/b>. 04:00pm a 07:00pm Descanso. 07:00pm a 07:30pm 007:30pm a 10:30pm<\/p>\n<p><b>Domingo<\/b>. 04:00pm a 07:00pm Descanso. 07:00pm a 07:30pm 007:30pm a 10:30pm<\/p>\n<p><strong>Nivel: No apto para principiantes.\u00a0<\/strong><\/p>\n<p><strong>DURACI\u00d3N<\/strong>: 18 horas <span style=\"font-weight: 400;\"><strong>PRECIO:<\/strong> 200\u20ac<strong> IDIOMA<\/strong><\/span>: Espa\u00f1ol. <b>Plataforma online<\/b>: Google Meet.<\/p>\n<p><strong>ONLINE || 3D CONCEPTS de PERSONAJES || WORKSHOP con Rodrigo Saur\u00e9.<\/strong><\/p>\n<div><b>Descripci\u00f3n General del curso:<\/b><br \/>\nDurante este curso quiero mostrar mi forma de trabajar en Blender, desde la selecci\u00f3n del bosquejo 2D hasta el render y retoque. Blender es una herramienta gigante que permite recorrer muchos caminos para llegar a resultados similares, por lo que quiero mostrar algunos de estos caminos, que me han sido muy \u00fatiles en mi trabajo. Quiero tambi\u00e9n mostrar atajos que he aprendido para acelerar el proceso, usando, por ejemplo, los nodos en la creaci\u00f3n de materiales. Esculpiremos desde cero para transformar un bosquejo plano en una figura 3D, con detalles, color, texturas e iluminaci\u00f3n.<\/div>\n<div><\/div>\n<div>Temas a tratar en el curso:<\/div>\n<div>\n<div><b>Optimizaci\u00f3n de interfaz<br \/>\nCreaci\u00f3n de vol\u00famenes generales con distintas t\u00e9cnicas<br \/>\nC\u00e1mara<br \/>\nModificadores (Boolean, Skin)<\/b><\/div>\n<div><b>Copia\/Instancia<br \/>\nIluminaci\u00f3n<br \/>\nSimetr\u00edas, Remesh, Dyntopo<br \/>\nCollections<br \/>\nPinceles de escultura<br \/>\nM\u00e1scaras<br \/>\nEmparentado de objetos<br \/>\nT\u00e9cnicas de pelo: Particles y Geometry Nodes<br \/>\nPintado de peso<br \/>\nPintado de textura<br \/>\nVertex Paint<br \/>\nNodos de materiales<br \/>\nNodos de composici\u00f3n<br \/>\nCycles<\/b><\/div>\n<div><b>Exportaci\u00f3n<br \/>\nPostproducci\u00f3n de imagen<\/b><\/div>\n<\/div>\n<div>&#8212;&#8212;&#8212;&#8212;&#8212;&#8212;&#8212;&#8211;<\/div>\n<div><\/div>\n<div dir=\"ltr\">\n<div><b>Materiales necesarios:<\/b><\/div>\n<div>\n<div>&#8211; Blender 4.4<\/div>\n<div>&#8211; Tableta gr\u00e1fica con l\u00e1piz,\u00a0 (tipo Wacom o similar)<\/div>\n<div><\/div>\n<div><b>Materiales recomendados:<\/b><\/div>\n<div>&#8211; L\u00e1piz con 2 botones secundarios (equivalentes a click derecho y click central)<\/div>\n<div>&#8211; Teclado completo (con teclado num\u00e9rico)<\/div>\n<div>&#8211; GPU dedicada<\/div>\n<\/div>\n<div>&#8211; Segunda pantalla<\/div>\n<\/div>\n","protected":false},"excerpt":{"rendered":"Curso 3D\n","protected":false},"featured_media":2141,"comment_status":"open","ping_status":"closed","template":"","meta":[],"product_cat":[19],"product_tag":[],"_links":{"self":[{"href":"https:\/\/www.dotescuela.com\/en\/wp-json\/wp\/v2\/product\/2140"}],"collection":[{"href":"https:\/\/www.dotescuela.com\/en\/wp-json\/wp\/v2\/product"}],"about":[{"href":"https:\/\/www.dotescuela.com\/en\/wp-json\/wp\/v2\/types\/product"}],"replies":[{"embeddable":true,"href":"https:\/\/www.dotescuela.com\/en\/wp-json\/wp\/v2\/comments?post=2140"}],"wp:featuredmedia":[{"embeddable":true,"href":"https:\/\/www.dotescuela.com\/en\/wp-json\/wp\/v2\/media\/2141"}],"wp:attachment":[{"href":"https:\/\/www.dotescuela.com\/en\/wp-json\/wp\/v2\/media?parent=2140"}],"wp:term":[{"taxonomy":"product_cat","embeddable":true,"href":"https:\/\/www.dotescuela.com\/en\/wp-json\/wp\/v2\/product_cat?post=2140"},{"taxonomy":"product_tag","embeddable":true,"href":"https:\/\/www.dotescuela.com\/en\/wp-json\/wp\/v2\/product_tag?post=2140"}],"curies":[{"name":"wp","href":"https:\/\/api.w.org\/{rel}","templated":true}]}}