{"id":440,"date":"2023-10-17T17:51:13","date_gmt":"2023-10-17T17:51:13","guid":{"rendered":"https:\/\/www.dotescuela.com\/?page_id=440"},"modified":"2023-12-02T14:06:31","modified_gmt":"2023-12-02T14:06:31","slug":"equipo-docente","status":"publish","type":"page","link":"https:\/\/www.dotescuela.com\/en\/equipo-docente\/","title":{"rendered":"Teachers"},"content":{"rendered":"<p><strong>Sergi Bigord\u00e1 <a href=\"https:\/\/www.instagram.com\/bigotrazos\">(Bigotrazos) \u00a0<\/a><\/strong>Concept artist. 3D character artist.<\/p>\n<p>Experto en escultura digital con zbrush con m\u00e1s cerca de diez a\u00f1os de experiencia profesional en el sector. Ha trabajado como freelance para diferentes empresas y como docente de escultura y anatom\u00eda digital en Zbrush.<\/p>\n<p><img decoding=\"async\" loading=\"lazy\" class=\"alignnone wp-image-441\" src=\"https:\/\/www.dotescuela.com\/wp-content\/uploads\/2023\/10\/Sergi-Bigorda-foto-300x300.jpg\" alt=\"\" width=\"162\" height=\"162\" srcset=\"https:\/\/www.dotescuela.com\/wp-content\/uploads\/2023\/10\/Sergi-Bigorda-foto-300x300.jpg 300w, https:\/\/www.dotescuela.com\/wp-content\/uploads\/2023\/10\/Sergi-Bigorda-foto-150x150.jpg 150w, https:\/\/www.dotescuela.com\/wp-content\/uploads\/2023\/10\/Sergi-Bigorda-foto-768x768.jpg 768w, https:\/\/www.dotescuela.com\/wp-content\/uploads\/2023\/10\/Sergi-Bigorda-foto-600x600.jpg 600w, https:\/\/www.dotescuela.com\/wp-content\/uploads\/2023\/10\/Sergi-Bigorda-foto-100x100.jpg 100w, https:\/\/www.dotescuela.com\/wp-content\/uploads\/2023\/10\/Sergi-Bigorda-foto.jpg 800w\" sizes=\"(max-width: 162px) 100vw, 162px\" \/><\/p>\n<p><a href=\"https:\/\/danunavarro.artstation.com\/\"><strong>Danu Navarro <\/strong><\/a>Senior 3D Artist at Revoling Games, Inc<\/p>\n<p>En 2012 despu\u00e9s de su carrera en Bellas Artes, Danu Navarro se especializa en modelado 3D, iniciando su carrera en la primera serie animada 3D de Colombia, Ni\u00f1a Aji del estudio Domo Animato, as\u00ed como Plaza S\u00e9samo latino am\u00e9rica y Dr. W de Espa\u00f1a. En 2015, inicia una nueva etapa en el mundo de los videojuegos. Cocodrilo Dog le dar\u00eda la oportunidad de ser modelador l\u00edder<br \/>\ndise\u00f1ando personajes y escenarios para sus proyectos Beatboy y BoomFighters.<br \/>\nEn 2016 hace su debut como director de arte en el estudio C2 gamestudio para el videojuego Project monolith de Nintendo y Playsation 4. Juego ganador del \u201cUnreal Dev Grant Recipient\u201d de Epic Games.<br \/>\nActualmente trabaja como artista independiente de modelado 3D y dise\u00f1o de personajes para diferentes proyectos.<\/p>\n<p><img decoding=\"async\" loading=\"lazy\" class=\"alignnone wp-image-442\" src=\"https:\/\/www.dotescuela.com\/wp-content\/uploads\/2023\/10\/Danu-Navarro-foto.jpg\" alt=\"\" width=\"139\" height=\"139\" srcset=\"https:\/\/www.dotescuela.com\/wp-content\/uploads\/2023\/10\/Danu-Navarro-foto.jpg 240w, https:\/\/www.dotescuela.com\/wp-content\/uploads\/2023\/10\/Danu-Navarro-foto-150x150.jpg 150w, https:\/\/www.dotescuela.com\/wp-content\/uploads\/2023\/10\/Danu-Navarro-foto-100x100.jpg 100w\" sizes=\"(max-width: 139px) 100vw, 139px\" \/><\/p>\n<p><a href=\"https:\/\/mani_salguero.artstation.com\/\"><strong>Mani Salguero <\/strong><\/a>Modeler and texture artist.<\/p>\n<p>Especializado en modelado, textura, lighting, grooming y composici\u00f3n. Ha colaborado, entre otros, con estudios como Namco Bandai, para el videojuego Naruto to Boruto Shinobi Striker, Mighty animation, Believe,MatteCG, y actualmente con ICON.<\/p>\n<p><img decoding=\"async\" loading=\"lazy\" class=\"alignnone wp-image-443\" src=\"https:\/\/www.dotescuela.com\/wp-content\/uploads\/2023\/10\/Mani-salguero-foto.jpg\" alt=\"\" width=\"130\" height=\"130\" srcset=\"https:\/\/www.dotescuela.com\/wp-content\/uploads\/2023\/10\/Mani-salguero-foto.jpg 240w, https:\/\/www.dotescuela.com\/wp-content\/uploads\/2023\/10\/Mani-salguero-foto-150x150.jpg 150w, https:\/\/www.dotescuela.com\/wp-content\/uploads\/2023\/10\/Mani-salguero-foto-100x100.jpg 100w\" sizes=\"(max-width: 130px) 100vw, 130px\" \/><\/p>\n<p><a href=\"https:\/\/yoelpereira.com\/\"><strong>Yoel Pereira L\u00f3pez <\/strong><\/a>Senior 3D environment modeler<\/p>\n<p>A lo largo de m\u00e1s de un lustro de carrera profesional ha trabajado desde diferentes ciudades y pa\u00edses para proyectos de empresas como Adobe, Pokemon, Clash of Clans, Netflix o Discord entre muchos otros. Films como Spellbound, Lionheart, the prince and the map of destiny o series como My dad the bounty hunter.<br \/>\nActualmente trabaja como Senior environment modeler en Skydance Animation\u201d<\/p>\n<p><img decoding=\"async\" loading=\"lazy\" class=\"alignnone wp-image-445\" src=\"https:\/\/www.dotescuela.com\/wp-content\/uploads\/2023\/10\/Yoel-foto.jpg\" alt=\"\" width=\"134\" height=\"134\" srcset=\"https:\/\/www.dotescuela.com\/wp-content\/uploads\/2023\/10\/Yoel-foto.jpg 240w, https:\/\/www.dotescuela.com\/wp-content\/uploads\/2023\/10\/Yoel-foto-150x150.jpg 150w, https:\/\/www.dotescuela.com\/wp-content\/uploads\/2023\/10\/Yoel-foto-100x100.jpg 100w\" sizes=\"(max-width: 134px) 100vw, 134px\" \/><\/p>\n<p><a href=\"https:\/\/fulensio.artstation.com\/\"><strong>Julen Urrutia <\/strong><\/a>Character Artist<\/p>\n<p>Julen Urrutia es un artista especializado en 2D y 3D con m\u00e1s de una d\u00e9cada de experiencia profesional en el sector de la animaci\u00f3n y la escultura digital. Senior Character Artist en Axis Studios durante los pasados cinco a\u00f1os, desde 2021 trabaja como Character Designer<br \/>\npara Marvel Studios.<\/p>\n<p><img decoding=\"async\" loading=\"lazy\" class=\"alignnone wp-image-448\" src=\"https:\/\/www.dotescuela.com\/wp-content\/uploads\/2023\/10\/julen-urrutia-foto-2.jpg\" alt=\"\" width=\"124\" height=\"124\" srcset=\"https:\/\/www.dotescuela.com\/wp-content\/uploads\/2023\/10\/julen-urrutia-foto-2.jpg 200w, https:\/\/www.dotescuela.com\/wp-content\/uploads\/2023\/10\/julen-urrutia-foto-2-150x150.jpg 150w, https:\/\/www.dotescuela.com\/wp-content\/uploads\/2023\/10\/julen-urrutia-foto-2-100x100.jpg 100w\" sizes=\"(max-width: 124px) 100vw, 124px\" \/><\/p>\n<p><a href=\"https:\/\/www.instagram.com\/4lex_0z\/?hl=es\"><strong>Alejandro Mu\u00f1oz Mart\u00edn <\/strong><\/a>Escultor en BigChild Creatives.<\/p>\n<p>Licenciado en Bellas Artes, y con formaci\u00f3n en ilustraci\u00f3n por la Escuela de Arte 10 y animaci\u00f3n 2D en ESDIP. Tiene experiencia en el mundo de la animaci\u00f3n y el pintado de miniaturas. Es escultor profesional de figuras desde el a\u00f1o 2013, tanto en formato tradicional como digital en 3D. Ha trabajado para marcas como CMON, Akelarre, Black Crow, Cult of Paint, etc. Actualmente trabaja en el reconocido estudio BigChild Creatives.<\/p>\n<p><img decoding=\"async\" loading=\"lazy\" class=\"alignnone wp-image-446\" src=\"https:\/\/www.dotescuela.com\/wp-content\/uploads\/2023\/10\/alejandro-foto.jpg\" alt=\"\" width=\"125\" height=\"125\" srcset=\"https:\/\/www.dotescuela.com\/wp-content\/uploads\/2023\/10\/alejandro-foto.jpg 200w, https:\/\/www.dotescuela.com\/wp-content\/uploads\/2023\/10\/alejandro-foto-150x150.jpg 150w, https:\/\/www.dotescuela.com\/wp-content\/uploads\/2023\/10\/alejandro-foto-100x100.jpg 100w\" sizes=\"(max-width: 125px) 100vw, 125px\" \/><\/p>\n<p><a href=\"https:\/\/stivanthaury.artstation.com\/\"><strong>Stivens Trujillo <\/strong><\/a>Escultor senior en Bigchild creatives<\/p>\n<p>Dedicado profesionalmente desde hace casi una d\u00e9cada al mundo del modelado. Ha trabajado tanto como freelance como escultor por encargo. Actualmente es senior digital sculptor para Bigchild Creatives trabajando en miniaturas de alta calidad y contin\u00faa sus trabajos como freelance para compa\u00f1\u00edas internacionales como Hottoys o Kami-arts, entre otras, en las cuales se especializa en figuras coleccionables de escalas 1\/4 y 1\/6.<\/p>\n<p><img decoding=\"async\" loading=\"lazy\" class=\"alignnone wp-image-447\" src=\"https:\/\/www.dotescuela.com\/wp-content\/uploads\/2023\/10\/Stivens-trujillo-foto-225x300.jpg\" alt=\"\" width=\"121\" height=\"161\" srcset=\"https:\/\/www.dotescuela.com\/wp-content\/uploads\/2023\/10\/Stivens-trujillo-foto-225x300.jpg 225w, https:\/\/www.dotescuela.com\/wp-content\/uploads\/2023\/10\/Stivens-trujillo-foto-768x1024.jpg 768w, https:\/\/www.dotescuela.com\/wp-content\/uploads\/2023\/10\/Stivens-trujillo-foto-1152x1536.jpg 1152w, https:\/\/www.dotescuela.com\/wp-content\/uploads\/2023\/10\/Stivens-trujillo-foto-600x800.jpg 600w, https:\/\/www.dotescuela.com\/wp-content\/uploads\/2023\/10\/Stivens-trujillo-foto.jpg 1500w\" sizes=\"(max-width: 121px) 100vw, 121px\" \/><\/p>\n<p><strong>Miguel \u00c1ngel L\u00f3pez. Experto en impresi\u00f3n 3d<\/strong><\/p>\n<p>Ingeniero de sistema maker &amp; digitalizador de patrimonio 3D.<\/p>\n<p>Experto en impresi\u00f3n 3D<\/p>","protected":false},"excerpt":{"rendered":"Sergi Bigord\u00e1 (Bigotrazos) \u00a0Concept artist. 3D character artist. Experto en escultura digital con zbrush con m\u00e1s cerca de diez a\u00f1os de experiencia profesional en el sector. Ha trabajado como freelance para diferentes empresas y como docente de escultura y anatom\u00eda digital en Zbrush. Danu Navarro Senior 3D Artist at Revoling Games, Inc En 2012 despu\u00e9s de su carrera en Bellas Artes, Danu Navarro se especializa en modelado 3D, iniciando su carrera en la primera serie animada 3D de Colombia, Ni\u00f1a Aji del estudio Domo Animato, as\u00ed como Plaza S\u00e9samo latino am\u00e9rica y Dr. W de Espa\u00f1a. En 2015, inicia una nueva etapa en el mundo de los videojuegos. Cocodrilo Dog le dar\u00eda la oportunidad de ser modelador l\u00edder dise\u00f1ando personajes y escenarios para sus proyectos Beatboy y BoomFighters. En 2016 hace su debut como director de arte en el estudio C2 gamestudio para el videojuego Project monolith de Nintendo y Playsation 4. Juego ganador del \u201cUnreal Dev Grant Recipient\u201d de Epic Games. Actualmente trabaja como artista independiente de modelado 3D y dise\u00f1o de personajes para diferentes proyectos. Mani Salguero Modeler and texture artist. Especializado en modelado, textura, lighting, grooming y composici\u00f3n. Ha colaborado, entre otros, con estudios como Namco Bandai, para el videojuego Naruto to Boruto Shinobi Striker, Mighty animation, Believe,MatteCG, y actualmente con ICON. Yoel Pereira L\u00f3pez Senior 3D environment modeler A lo largo de m\u00e1s de un lustro de carrera profesional ha trabajado desde diferentes ciudades y pa\u00edses para proyectos de empresas como Adobe, Pokemon, Clash of Clans, Netflix o Discord entre muchos otros. Films como Spellbound, Lionheart, the prince and the map of destiny o series como My dad the bounty hunter. Actualmente trabaja como Senior environment modeler en Skydance Animation\u201d Julen Urrutia Character Artist Julen Urrutia es un artista especializado en 2D y 3D con m\u00e1s de una d\u00e9cada de experiencia profesional en el sector de la animaci\u00f3n y la escultura digital. Senior Character Artist en Axis Studios durante los pasados cinco a\u00f1os, desde 2021 trabaja como Character Designer para Marvel Studios. Alejandro Mu\u00f1oz Mart\u00edn Escultor en BigChild Creatives. Licenciado en Bellas Artes, y con formaci\u00f3n en ilustraci\u00f3n por la Escuela de Arte 10 y animaci\u00f3n 2D en ESDIP. Tiene experiencia en el mundo de la animaci\u00f3n y el pintado de miniaturas. Es escultor profesional de figuras desde el a\u00f1o 2013, tanto en formato tradicional como digital en 3D. Ha trabajado para marcas como CMON, Akelarre, Black Crow, Cult of Paint, etc. Actualmente trabaja en el reconocido estudio BigChild Creatives. Stivens Trujillo Escultor senior en Bigchild creatives Dedicado profesionalmente desde hace casi una d\u00e9cada al mundo del modelado. Ha trabajado tanto como freelance como escultor por encargo. Actualmente es senior digital sculptor para Bigchild Creatives trabajando en miniaturas de alta calidad y contin\u00faa sus trabajos como freelance para compa\u00f1\u00edas internacionales como Hottoys o Kami-arts, entre otras, en las cuales se especializa en figuras coleccionables de escalas 1\/4 y 1\/6. Miguel \u00c1ngel L\u00f3pez. Experto en impresi\u00f3n 3d Ingeniero de sistema maker &amp; digitalizador de patrimonio 3D. Experto en impresi\u00f3n 3D\n","protected":false},"author":2,"featured_media":0,"parent":0,"menu_order":0,"comment_status":"closed","ping_status":"closed","template":"","meta":[],"_links":{"self":[{"href":"https:\/\/www.dotescuela.com\/en\/wp-json\/wp\/v2\/pages\/440"}],"collection":[{"href":"https:\/\/www.dotescuela.com\/en\/wp-json\/wp\/v2\/pages"}],"about":[{"href":"https:\/\/www.dotescuela.com\/en\/wp-json\/wp\/v2\/types\/page"}],"author":[{"embeddable":true,"href":"https:\/\/www.dotescuela.com\/en\/wp-json\/wp\/v2\/users\/2"}],"replies":[{"embeddable":true,"href":"https:\/\/www.dotescuela.com\/en\/wp-json\/wp\/v2\/comments?post=440"}],"version-history":[{"count":12,"href":"https:\/\/www.dotescuela.com\/en\/wp-json\/wp\/v2\/pages\/440\/revisions"}],"predecessor-version":[{"id":583,"href":"https:\/\/www.dotescuela.com\/en\/wp-json\/wp\/v2\/pages\/440\/revisions\/583"}],"wp:attachment":[{"href":"https:\/\/www.dotescuela.com\/en\/wp-json\/wp\/v2\/media?parent=440"}],"curies":[{"name":"wp","href":"https:\/\/api.w.org\/{rel}","templated":true}]}}